{"id":16712,"date":"2021-10-07T11:27:40","date_gmt":"2021-10-07T10:27:40","guid":{"rendered":"https:\/\/ins-cameroun.cm\/statistics\/"},"modified":"2025-10-09T16:18:30","modified_gmt":"2025-10-09T15:18:30","slug":"statistics","status":"publish","type":"page","link":"https:\/\/ins-cameroun.cm\/en\/statistics\/","title":{"rendered":"Statistics"},"content":{"rendered":"<p>[rank_math_breadcrumb]\t\t<\/p>\n<h2>Themes<\/h2>\n<style>.elementor-12691 .elementor-element.elementor-element-63699742{--display:flex;--gap:0px 0px;--row-gap:0px;--column-gap:0px;--border-radius:15px 15px 15px 15px;box-shadow:0px 4px 10px 0px rgba(0, 0, 0, 0.08);--padding-top:0px;--padding-bottom:0px;--padding-left:0px;--padding-right:0px;}.elementor-12691 .elementor-element.elementor-element-56e51360 img{height:120px;object-fit:cover;object-position:center center;border-radius:15px 15px 0px 0px;}.elementor-12691 .elementor-element.elementor-element-3d582495{--display:flex;--flex-direction:row;--container-widget-width:initial;--container-widget-height:100%;--container-widget-flex-grow:1;--container-widget-align-self:stretch;--flex-wrap-mobile:wrap;}.elementor-12691 .elementor-element.elementor-element-250d064c{--display:flex;}.elementor-12691 .elementor-element.elementor-element-19e71f88 .jet-listing-dynamic-terms{text-align:left;}.elementor-12691 .elementor-element.elementor-element-19e71f88 .jet-listing-dynamic-terms__link{font-size:var( --e-global-typography-2fe02a8-font-size );font-weight:var( --e-global-typography-2fe02a8-font-weight );text-transform:var( --e-global-typography-2fe02a8-text-transform );line-height:var( --e-global-typography-2fe02a8-line-height );letter-spacing:var( --e-global-typography-2fe02a8-letter-spacing );word-spacing:var( --e-global-typography-2fe02a8-word-spacing );color:var( --e-global-color-a0bdd84 );}.elementor-12691 .elementor-element.elementor-element-b86bce3{--display:flex;--padding-top:0px;--padding-bottom:0px;--padding-left:0px;--padding-right:0px;}.elementor-12691 .elementor-element.elementor-element-b86bce3.e-con{--align-self:center;}.elementor-12691 .elementor-element.elementor-element-40b92496 > .elementor-widget-container{margin:0px 0px -8px 0px;}.elementor-12691 .elementor-element.elementor-element-40b92496 .elementor-icon-wrapper{text-align:right;}.elementor-12691 .elementor-element.elementor-element-40b92496.elementor-view-stacked .elementor-icon{background-color:var( --e-global-color-a0bdd84 );}.elementor-12691 .elementor-element.elementor-element-40b92496.elementor-view-framed .elementor-icon, .elementor-12691 .elementor-element.elementor-element-40b92496.elementor-view-default .elementor-icon{color:var( --e-global-color-a0bdd84 );border-color:var( --e-global-color-a0bdd84 );}.elementor-12691 .elementor-element.elementor-element-40b92496.elementor-view-framed .elementor-icon, .elementor-12691 .elementor-element.elementor-element-40b92496.elementor-view-default .elementor-icon svg{fill:var( --e-global-color-a0bdd84 );}.elementor-12691 .elementor-element.elementor-element-40b92496 .elementor-icon{font-size:22px;}.elementor-12691 .elementor-element.elementor-element-40b92496 .elementor-icon svg{height:22px;}.elementor-12691 .elementor-element.elementor-element-40b92496 .elementor-icon-wrapper svg{width:auto;}.jet-listing-item.single-jet-engine.elementor-page-12691 > .elementor{width:300px;margin-left:auto;margin-right:auto;}@media(min-width:768px){.elementor-12691 .elementor-element.elementor-element-b86bce3{--width:14%;}}@media(max-width:1024px){.elementor-12691 .elementor-element.elementor-element-19e71f88 .jet-listing-dynamic-terms__link{font-size:var( --e-global-typography-2fe02a8-font-size );line-height:var( --e-global-typography-2fe02a8-line-height );letter-spacing:var( --e-global-typography-2fe02a8-letter-spacing );word-spacing:var( --e-global-typography-2fe02a8-word-spacing );}}@media(max-width:767px){.elementor-12691 .elementor-element.elementor-element-3d582495{--flex-wrap:nowrap;}.elementor-12691 .elementor-element.elementor-element-19e71f88 .jet-listing-dynamic-terms__link{font-size:var( --e-global-typography-2fe02a8-font-size );line-height:var( --e-global-typography-2fe02a8-line-height );letter-spacing:var( --e-global-typography-2fe02a8-letter-spacing );word-spacing:var( --e-global-typography-2fe02a8-word-spacing );}.elementor-12691 .elementor-element.elementor-element-b86bce3{--width:15%;}}<\/style>\n<p>\t\t\t\t\t<a href=\"https:\/\/ins-cameroun.cm\/domaine\/statistiques-environnementales-et-statistiques-multisectorielles\/\">Statistiques environnementales et statistiques multisectorielles<\/a><br \/>\n\t\t\t<svg xmlns=\"http:\/\/www.w3.org\/2000\/svg\" width=\"43.062\" height=\"30.407\" viewBox=\"0 0 43.062 30.407\"><path id=\"Trac&#xE9;_31\" data-name=\"Trac&#xE9; 31\" d=\"M29.145,15.174a1.532,1.532,0,1,0-2.157,2.157L37.994,28.351H1.613a1.536,1.536,0,0,0,0,3.068H37.994L26.97,42.425a1.562,1.562,0,0,0,0,2.157,1.523,1.523,0,0,0,2.157,0L42.761,30.948a1.5,1.5,0,0,0,0-2.157Z\" transform=\"translate(-0.159 -14.624)\" fill=\"#fff\"><\/path><\/svg><br \/>\n\t\t\t\t\t<a href=\"https:\/\/ins-cameroun.cm\/en\/domaine\/economic-statistics\/\">Statistiques \u00e9conomiques<\/a><br \/>\n\t\t\t<svg xmlns=\"http:\/\/www.w3.org\/2000\/svg\" width=\"43.062\" height=\"30.407\" viewBox=\"0 0 43.062 30.407\"><path id=\"Trac&#xE9;_31\" data-name=\"Trac&#xE9; 31\" d=\"M29.145,15.174a1.532,1.532,0,1,0-2.157,2.157L37.994,28.351H1.613a1.536,1.536,0,0,0,0,3.068H37.994L26.97,42.425a1.562,1.562,0,0,0,0,2.157,1.523,1.523,0,0,0,2.157,0L42.761,30.948a1.5,1.5,0,0,0,0-2.157Z\" transform=\"translate(-0.159 -14.624)\" fill=\"#fff\"><\/path><\/svg><br \/>\n\t\t\t\t\t<a href=\"https:\/\/ins-cameroun.cm\/domaine\/statistiques-demographiques-et-sociales\/\">Statistiques d\u00e9mographiques et sociales<\/a><br \/>\n\t\t\t<svg xmlns=\"http:\/\/www.w3.org\/2000\/svg\" width=\"43.062\" height=\"30.407\" viewBox=\"0 0 43.062 30.407\"><path id=\"Trac&#xE9;_31\" data-name=\"Trac&#xE9; 31\" d=\"M29.145,15.174a1.532,1.532,0,1,0-2.157,2.157L37.994,28.351H1.613a1.536,1.536,0,0,0,0,3.068H37.994L26.97,42.425a1.562,1.562,0,0,0,0,2.157,1.523,1.523,0,0,0,2.157,0L42.761,30.948a1.5,1.5,0,0,0,0-2.157Z\" transform=\"translate(-0.159 -14.624)\" fill=\"#fff\"><\/path><\/svg><br \/>\n\t\t\t\t\t<a href=\"https:\/\/ins-cameroun.cm\/domaine\/questions-strategiques-et-questions-liees-a-la-gestion-des-statistiques-officielles\/\">Questions strat\u00e9giques et questions li\u00e9es \u00e0 la gestion des statistiques officielles<\/a><br \/>\n\t\t\t<svg xmlns=\"http:\/\/www.w3.org\/2000\/svg\" width=\"43.062\" height=\"30.407\" viewBox=\"0 0 43.062 30.407\"><path id=\"Trac&#xE9;_31\" data-name=\"Trac&#xE9; 31\" d=\"M29.145,15.174a1.532,1.532,0,1,0-2.157,2.157L37.994,28.351H1.613a1.536,1.536,0,0,0,0,3.068H37.994L26.97,42.425a1.562,1.562,0,0,0,0,2.157,1.523,1.523,0,0,0,2.157,0L42.761,30.948a1.5,1.5,0,0,0,0-2.157Z\" transform=\"translate(-0.159 -14.624)\" fill=\"#fff\"><\/path><\/svg><br \/>\n\t\t\t\t\t<a href=\"https:\/\/ins-cameroun.cm\/domaine\/methodes-de-collecte-de-traitement-de-diffusion-et-danalyse-des-donnees\/\">M\u00e9thodes de collecte, de traitement, de diffusion et d\u2019analyse des donn\u00e9es<\/a><br \/>\n\t\t\t<svg xmlns=\"http:\/\/www.w3.org\/2000\/svg\" width=\"43.062\" height=\"30.407\" viewBox=\"0 0 43.062 30.407\"><path id=\"Trac&#xE9;_31\" data-name=\"Trac&#xE9; 31\" d=\"M29.145,15.174a1.532,1.532,0,1,0-2.157,2.157L37.994,28.351H1.613a1.536,1.536,0,0,0,0,3.068H37.994L26.97,42.425a1.562,1.562,0,0,0,0,2.157,1.523,1.523,0,0,0,2.157,0L42.761,30.948a1.5,1.5,0,0,0,0-2.157Z\" transform=\"translate(-0.159 -14.624)\" fill=\"#fff\"><\/path><\/svg>\t\t\t<\/p>\n<h2>Types<\/h2>\n<h2>Data<\/h2>\n<p>Raw or aggregated figures, often in the form of tables, graphs or downloadable files (CSV, Excel, etc.). They are intended for analysis, reuse, or integration into other work. <\/p>\n<p>\t\t\t<a href=\"https:\/\/ins-cameroun.cm\/en\/format\/data\/\"><br \/>\n\t\t\t<svg xmlns=\"http:\/\/www.w3.org\/2000\/svg\" width=\"43.062\" height=\"30.407\" viewBox=\"0 0 43.062 30.407\"><path id=\"Trac&#xE9;_31\" data-name=\"Trac&#xE9; 31\" d=\"M29.145,15.174a1.532,1.532,0,1,0-2.157,2.157L37.994,28.351H1.613a1.536,1.536,0,0,0,0,3.068H37.994L26.97,42.425a1.562,1.562,0,0,0,0,2.157,1.523,1.523,0,0,0,2.157,0L42.761,30.948a1.5,1.5,0,0,0,0-2.157Z\" transform=\"translate(-0.159 -14.624)\"><\/path><\/svg>\t\t\t<\/a><\/p>\n<h2>Publications<\/h2>\n<p>Written documents that interpret and analyse data such as reports, studies, economic notes or thematic dossiers, often accompanied by graphs and commentaries.<\/p>\n<p>\t\t\t<a href=\"https:\/\/ins-cameroun.cm\/en\/format\/publication-en\/\"><br \/>\n\t\t\t<svg xmlns=\"http:\/\/www.w3.org\/2000\/svg\" width=\"43.062\" height=\"30.407\" viewBox=\"0 0 43.062 30.407\"><path id=\"Trac&#xE9;_31\" data-name=\"Trac&#xE9; 31\" d=\"M29.145,15.174a1.532,1.532,0,1,0-2.157,2.157L37.994,28.351H1.613a1.536,1.536,0,0,0,0,3.068H37.994L26.97,42.425a1.562,1.562,0,0,0,0,2.157,1.523,1.523,0,0,0,2.157,0L42.761,30.948a1.5,1.5,0,0,0,0-2.157Z\" transform=\"translate(-0.159 -14.624)\"><\/path><\/svg>\t\t\t<\/a><\/p>\n<h2>Regions<\/h2>\n<h2>Recent Statistics<\/h2>\n","protected":false},"excerpt":{"rendered":"<p>[rank_math_breadcrumb] Themes Statistiques environnementales et statistiques multisectorielles Statistiques \u00e9conomiques Statistiques d\u00e9mographiques et sociales Questions strat\u00e9giques et questions li\u00e9es \u00e0 la gestion des statistiques officielles M\u00e9thodes de collecte, de traitement, de diffusion et d\u2019analyse des donn\u00e9es Types Data Raw or aggregated figures, often in the form of tables, graphs or downloadable files (CSV, Excel, etc.). They [&hellip;]<\/p>\n","protected":false},"author":2,"featured_media":0,"parent":0,"menu_order":0,"comment_status":"closed","ping_status":"closed","template":"elementor_header_footer","meta":{"_acf_changed":false,"footnotes":""},"class_list":["post-16712","page","type-page","status-publish","hentry"],"acf":[],"_links":{"self":[{"href":"https:\/\/ins-cameroun.cm\/en\/wp-json\/wp\/v2\/pages\/16712","targetHints":{"allow":["GET"]}}],"collection":[{"href":"https:\/\/ins-cameroun.cm\/en\/wp-json\/wp\/v2\/pages"}],"about":[{"href":"https:\/\/ins-cameroun.cm\/en\/wp-json\/wp\/v2\/types\/page"}],"author":[{"embeddable":true,"href":"https:\/\/ins-cameroun.cm\/en\/wp-json\/wp\/v2\/users\/2"}],"replies":[{"embeddable":true,"href":"https:\/\/ins-cameroun.cm\/en\/wp-json\/wp\/v2\/comments?post=16712"}],"version-history":[{"count":3,"href":"https:\/\/ins-cameroun.cm\/en\/wp-json\/wp\/v2\/pages\/16712\/revisions"}],"predecessor-version":[{"id":16721,"href":"https:\/\/ins-cameroun.cm\/en\/wp-json\/wp\/v2\/pages\/16712\/revisions\/16721"}],"wp:attachment":[{"href":"https:\/\/ins-cameroun.cm\/en\/wp-json\/wp\/v2\/media?parent=16712"}],"curies":[{"name":"wp","href":"https:\/\/api.w.org\/{rel}","templated":true}]}}