{"id":16734,"date":"2019-09-19T00:02:55","date_gmt":"2019-09-18T23:02:55","guid":{"rendered":"https:\/\/ins-cameroun.cm\/institutes-and-schools-of-statistics\/"},"modified":"2025-10-09T16:19:39","modified_gmt":"2025-10-09T15:19:39","slug":"institutes-and-schools-of-statistics","status":"publish","type":"page","link":"https:\/\/ins-cameroun.cm\/en\/institutes-and-schools-of-statistics\/","title":{"rendered":"Institutes and schools of statistics"},"content":{"rendered":"<p>[vc_row][vc_column width=&#8221;2\/3&#8243;][vc_empty_space][vc_column_text]<\/p>\n<ul>\n<li style=\"font-weight: 400;\"><span style=\"font-size: 12pt;\">INSEE Training Centre in Libourne (CEFIL) 3 Rue de la cit\u00e9 33500 Libourne France, Tel.: 00 33 (0)5 57 55 56 00 Fax: 00 33 (0)5 57 55 56 20<\/span><\/li>\n<li style=\"font-weight: 400;\"><span style=\"font-size: 12pt;\"><strong><a href=\"http:\/\/www.cesd-paris.fr\/\">European Training Centre for Statisticians Economist of Developing Countries: CESD-Paris<\/a><\/strong><\/span><\/li>\n<li style=\"font-weight: 400;\"><span style=\"font-size: 12pt;\"><strong><a href=\"http:\/\/www.cesdroma.org\/\">European Training Centre for Statisticians Economist of Developing Countries: ESCD-Rome<\/a><\/strong><\/span><\/li>\n<li style=\"font-weight: 400;\"><span style=\"font-size: 12pt;\"><strong><a href=\"http:\/\/www.cesd.lu\/\">European Training Centre for Statisticians Economist for Developing Countries: CESD-Community<\/a><\/strong><\/span><\/li>\n<li style=\"font-weight: 400;\"><span style=\"font-size: 12pt;\"><strong><a href=\"http:\/\/www.isegi.unl.pt\/cesd-lisboa\/\">European Training Centre for Statisticians Economist of Developing Countries: ESDC-Lisbon<\/a><\/strong><\/span><\/li>\n<li style=\"font-weight: 400;\"><span style=\"font-size: 12pt;\"><strong><a href=\"http:\/\/www.cdg-fz.de\/\">Carl Druisberg Gessellschaft e.V. fortbildugszentrum M\u00fcnchen f\u00fcr Wiertschafts-u. soczialstatistiker aus Entwicklungsl\u00e4ndern CDG-Munich <\/a><\/strong><\/span><\/li>\n<li style=\"font-weight: 400;\"><span style=\"font-size: 12pt;\"><strong><a href=\"http:\/\/www.ensae.fr\/\">National School of Statistics and Economic Administration &#8211; Paris (ENSAE)<\/a><\/strong><\/span><\/li>\n<li style=\"font-weight: 400;\"><span style=\"font-size: 12pt;\"><strong><a href=\"http:\/\/www.ensea.ci.refer.org\/\">National School of Statistics and Applied Economics &#8211; Abidjan (ENSEA)<\/a><\/strong><\/span><\/li>\n<li style=\"font-weight: 400;\"><span style=\"font-size: 12pt;\"><strong><a href=\"http:\/\/www.ensai.fr\/\">National School of Statistics and Information Analysis &#8211; Rennes (ENSAI)<\/a><\/strong><\/span><\/li>\n<li style=\"font-weight: 400;\"><span style=\"font-size: 12pt;\">National School of Applied Economics, Department of Statistics and Demography. (ENEA) BP 5084 Dakar Senegal Tel.\/Fax: 00 221 824 84 67<\/span><\/li>\n<li><span style=\"font-size: 12pt;\">Group of National Schools of Economics and Statistics (GENES:) 3 Av. Pierre Larousse 92245 Malakoff Cedex Tel.: 00 33 (0)1 41 17 50 50 Fax: 00 33 (0)4 41 17 64 80 <\/span><\/li>\n<li><span style=\"font-size: 12pt;\">Sub-regional Institute of Statistics and Applied Economics (ISSEA) BP 294 Yaound\u00e9 Cameroon Tel.: 00 237 222 01 34 Fax: 00 237 222 95 21<\/span><\/li>\n<li><span style=\"font-size: 12pt;\"><strong><a href=\"http:\/\/www.insee.fr\/\">National Institute of Statistics and Economic Studies (INSEE), France<\/a><\/strong><\/span><\/li>\n<li><span style=\"font-size: 12pt;\"><strong><a href=\"http:\/\/www.ine.cv\/\">National Institute of Statistics of Cape Verde (INE)<\/a><\/strong><\/span><\/li>\n<li><span style=\"font-size: 12pt;\"><a href=\"http:\/\/www.un.cm\/iford\/\"><strong>Institute for Demographic Training and Research (IFORD), Yaound\u00e9<\/strong><\/a><\/span><\/li>\n<\/ul>\n<p>[\/vc_column_text][vc_empty_space][\/vc_column][vc_column width=&#8221;1\/3&#8243;][vc_wp_custommenu nav_menu=&#8221;485&#8243;][\/vc_column][\/vc_row]<\/p>\n","protected":false},"excerpt":{"rendered":"<p>[vc_row][vc_column width=&#8221;2\/3&#8243;][vc_empty_space][vc_column_text] INSEE Training Centre in Libourne (CEFIL) 3 Rue de la cit\u00e9 33500 Libourne France, Tel.: 00 33 (0)5 57 55 56 00 Fax: 00 33 (0)5 57 55 56 20 European Training Centre for Statisticians Economist of Developing Countries: CESD-Paris European Training Centre for Statisticians Economist of Developing Countries: ESCD-Rome European Training Centre [&hellip;]<\/p>\n","protected":false},"author":2,"featured_media":0,"parent":0,"menu_order":0,"comment_status":"closed","ping_status":"closed","template":"","meta":{"_acf_changed":false,"footnotes":""},"class_list":["post-16734","page","type-page","status-publish","hentry"],"acf":[],"_links":{"self":[{"href":"https:\/\/ins-cameroun.cm\/en\/wp-json\/wp\/v2\/pages\/16734","targetHints":{"allow":["GET"]}}],"collection":[{"href":"https:\/\/ins-cameroun.cm\/en\/wp-json\/wp\/v2\/pages"}],"about":[{"href":"https:\/\/ins-cameroun.cm\/en\/wp-json\/wp\/v2\/types\/page"}],"author":[{"embeddable":true,"href":"https:\/\/ins-cameroun.cm\/en\/wp-json\/wp\/v2\/users\/2"}],"replies":[{"embeddable":true,"href":"https:\/\/ins-cameroun.cm\/en\/wp-json\/wp\/v2\/comments?post=16734"}],"version-history":[{"count":1,"href":"https:\/\/ins-cameroun.cm\/en\/wp-json\/wp\/v2\/pages\/16734\/revisions"}],"predecessor-version":[{"id":16745,"href":"https:\/\/ins-cameroun.cm\/en\/wp-json\/wp\/v2\/pages\/16734\/revisions\/16745"}],"wp:attachment":[{"href":"https:\/\/ins-cameroun.cm\/en\/wp-json\/wp\/v2\/media?parent=16734"}],"curies":[{"name":"wp","href":"https:\/\/api.w.org\/{rel}","templated":true}]}}